{"id":8152,"date":"2022-01-26T17:10:23","date_gmt":"2022-01-26T17:10:23","guid":{"rendered":"https:\/\/universidadelavi.com\/elavi\/?page_id=8152"},"modified":"2022-01-26T20:21:49","modified_gmt":"2022-01-26T20:21:49","slug":"otros-cursos","status":"publish","type":"page","link":"https:\/\/universidadelavi.com\/elavi\/otros-cursos\/","title":{"rendered":"Otros Cursos"},"content":{"rendered":"<section class=\"l-section wpb_row height_custom\"><div class=\"l-section-h i-cf\"><div class=\"g-cols via_grid cols_1 laptops-cols_inherit tablets-cols_inherit mobiles-cols_1 valign_top type_default\"><div class=\"wpb_column vc_column_container\"><div class=\"vc_column-inner\"><div class=\"w-grid type_grid layout_blog_1 cols_3\" id=\"us_grid_1\" data-filterable=\"true\"><style>#us_grid_1 .w-grid-item{padding:1.5rem}#us_grid_1 .w-grid-list{margin:-1.5rem}.w-grid + #us_grid_1 .w-grid-list{margin-top:1.5rem}@media (max-width:899px){#us_grid_1 .w-grid-item{width:50%}}@media (max-width:599px){#us_grid_1 .w-grid-list{margin:0}#us_grid_1 .w-grid-item{width:100%;padding:0;margin-bottom:1.5rem}}.layout_blog_1 .w-grid-item-h{}.layout_blog_1 .usg_post_image_1{margin-bottom:0.5rem!important}.layout_blog_1 .usg_post_title_1{font-size:1rem!important}<\/style><div class=\"w-grid-list\">\t<article class=\"w-grid-item size_1x1 post-8403 sfwd-courses type-sfwd-courses status-publish has-post-thumbnail hentry ld_course_category-gratis\" data-id=\"8403\">\r\n\t\t<div class=\"w-grid-item-h\">\r\n\t\t\t\t\t\t<div class=\"w-post-elm post_image usg_post_image_1 stretched\"><a href=\"https:\/\/universidadelavi.com\/elavi\/courses\/a-quien-venderle-que-venderle-y-valor-agregado-noviembre-2020\/\" aria-label=\"\u00bfA qui\u00e9n venderle?, \u00bfQu\u00e9 Venderle? y Valor Agregado Noviembre 2020\"><img loading=\"lazy\" decoding=\"async\" width=\"1920\" height=\"1080\" src=\"https:\/\/universidadelavi.com\/elavi\/wp-content\/uploads\/2022\/01\/Pagina-Web-Profesionales-1.png\" class=\"attachment-us_600_600_crop size-us_600_600_crop wp-post-image\" alt=\"\" srcset=\"https:\/\/universidadelavi.com\/elavi\/wp-content\/uploads\/2022\/01\/Pagina-Web-Profesionales-1.png 1920w, https:\/\/universidadelavi.com\/elavi\/wp-content\/uploads\/2022\/01\/Pagina-Web-Profesionales-1-300x169.png 300w, https:\/\/universidadelavi.com\/elavi\/wp-content\/uploads\/2022\/01\/Pagina-Web-Profesionales-1-1024x576.png 1024w, https:\/\/universidadelavi.com\/elavi\/wp-content\/uploads\/2022\/01\/Pagina-Web-Profesionales-1-1536x864.png 1536w\" sizes=\"auto, (max-width: 1920px) 100vw, 1920px\" \/><\/a><\/div><h2 class=\"w-post-elm post_title usg_post_title_1 entry-title color_link_inherit\"><a href=\"https:\/\/universidadelavi.com\/elavi\/courses\/a-quien-venderle-que-venderle-y-valor-agregado-noviembre-2020\/\">\u00bfA qui\u00e9n venderle?, \u00bfQu\u00e9 Venderle? y Valor Agregado Noviembre 2020<\/a><\/h2>\t\t<\/div>\r\n\t<\/article>\r\n\t<article class=\"w-grid-item size_1x1 post-8407 sfwd-courses type-sfwd-courses status-publish has-post-thumbnail hentry ld_course_category-gratis\" data-id=\"8407\">\r\n\t\t<div class=\"w-grid-item-h\">\r\n\t\t\t\t\t\t<div class=\"w-post-elm post_image usg_post_image_1 stretched\"><a href=\"https:\/\/universidadelavi.com\/elavi\/courses\/automatizar-publicaciones\/\" aria-label=\"Automatizar Publicaciones\"><img loading=\"lazy\" decoding=\"async\" width=\"1920\" height=\"1080\" src=\"https:\/\/universidadelavi.com\/elavi\/wp-content\/uploads\/2022\/01\/Pagina-Web-Profesionales-2.png\" class=\"attachment-us_600_600_crop size-us_600_600_crop wp-post-image\" alt=\"\" srcset=\"https:\/\/universidadelavi.com\/elavi\/wp-content\/uploads\/2022\/01\/Pagina-Web-Profesionales-2.png 1920w, https:\/\/universidadelavi.com\/elavi\/wp-content\/uploads\/2022\/01\/Pagina-Web-Profesionales-2-300x169.png 300w, https:\/\/universidadelavi.com\/elavi\/wp-content\/uploads\/2022\/01\/Pagina-Web-Profesionales-2-1024x576.png 1024w, https:\/\/universidadelavi.com\/elavi\/wp-content\/uploads\/2022\/01\/Pagina-Web-Profesionales-2-1536x864.png 1536w\" sizes=\"auto, (max-width: 1920px) 100vw, 1920px\" \/><\/a><\/div><h2 class=\"w-post-elm post_title usg_post_title_1 entry-title color_link_inherit\"><a href=\"https:\/\/universidadelavi.com\/elavi\/courses\/automatizar-publicaciones\/\">Automatizar Publicaciones<\/a><\/h2>\t\t<\/div>\r\n\t<\/article>\r\n\t<article class=\"w-grid-item size_1x1 post-8413 sfwd-courses type-sfwd-courses status-publish has-post-thumbnail hentry ld_course_category-gratis\" data-id=\"8413\">\r\n\t\t<div class=\"w-grid-item-h\">\r\n\t\t\t\t\t\t<div class=\"w-post-elm post_image usg_post_image_1 stretched\"><a href=\"https:\/\/universidadelavi.com\/elavi\/courses\/importar-sin-importadora-ddp\/\" aria-label=\"Importar sin Importadora DDP\"><img loading=\"lazy\" decoding=\"async\" width=\"1920\" height=\"1080\" src=\"https:\/\/universidadelavi.com\/elavi\/wp-content\/uploads\/2022\/01\/Pagina-Web-Profesionales-3.png\" class=\"attachment-us_600_600_crop size-us_600_600_crop wp-post-image\" alt=\"\" srcset=\"https:\/\/universidadelavi.com\/elavi\/wp-content\/uploads\/2022\/01\/Pagina-Web-Profesionales-3.png 1920w, https:\/\/universidadelavi.com\/elavi\/wp-content\/uploads\/2022\/01\/Pagina-Web-Profesionales-3-300x169.png 300w, https:\/\/universidadelavi.com\/elavi\/wp-content\/uploads\/2022\/01\/Pagina-Web-Profesionales-3-1024x576.png 1024w, https:\/\/universidadelavi.com\/elavi\/wp-content\/uploads\/2022\/01\/Pagina-Web-Profesionales-3-1536x864.png 1536w\" sizes=\"auto, (max-width: 1920px) 100vw, 1920px\" \/><\/a><\/div><h2 class=\"w-post-elm post_title usg_post_title_1 entry-title color_link_inherit\"><a href=\"https:\/\/universidadelavi.com\/elavi\/courses\/importar-sin-importadora-ddp\/\">Importar sin Importadora DDP<\/a><\/h2>\t\t<\/div>\r\n\t<\/article>\r\n\t<article class=\"w-grid-item size_1x1 post-8417 sfwd-courses type-sfwd-courses status-publish has-post-thumbnail hentry ld_course_category-gratis\" data-id=\"8417\">\r\n\t\t<div class=\"w-grid-item-h\">\r\n\t\t\t\t\t\t<div class=\"w-post-elm post_image usg_post_image_1 stretched\"><a href=\"https:\/\/universidadelavi.com\/elavi\/courses\/google-analytics-avanzado\/\" aria-label=\"Google Analytics Avanzado\"><img loading=\"lazy\" decoding=\"async\" width=\"1280\" height=\"720\" src=\"https:\/\/universidadelavi.com\/elavi\/wp-content\/uploads\/2022\/01\/Copia-de-Ma\u0301sterClass-Gratuita-Miniatura-de-YouTube-1.png\" class=\"attachment-us_600_600_crop size-us_600_600_crop wp-post-image\" alt=\"\" srcset=\"https:\/\/universidadelavi.com\/elavi\/wp-content\/uploads\/2022\/01\/Copia-de-Ma\u0301sterClass-Gratuita-Miniatura-de-YouTube-1.png 1280w, https:\/\/universidadelavi.com\/elavi\/wp-content\/uploads\/2022\/01\/Copia-de-Ma\u0301sterClass-Gratuita-Miniatura-de-YouTube-1-300x169.png 300w, https:\/\/universidadelavi.com\/elavi\/wp-content\/uploads\/2022\/01\/Copia-de-Ma\u0301sterClass-Gratuita-Miniatura-de-YouTube-1-1024x576.png 1024w\" sizes=\"auto, (max-width: 1280px) 100vw, 1280px\" \/><\/a><\/div><h2 class=\"w-post-elm post_title usg_post_title_1 entry-title color_link_inherit\"><a href=\"https:\/\/universidadelavi.com\/elavi\/courses\/google-analytics-avanzado\/\">Google Analytics Avanzado<\/a><\/h2>\t\t<\/div>\r\n\t<\/article>\r\n\t<article class=\"w-grid-item size_1x1 post-8423 sfwd-courses type-sfwd-courses status-publish has-post-thumbnail hentry ld_course_category-gratis\" data-id=\"8423\">\r\n\t\t<div class=\"w-grid-item-h\">\r\n\t\t\t\t\t\t<div class=\"w-post-elm post_image usg_post_image_1 stretched\"><a href=\"https:\/\/universidadelavi.com\/elavi\/courses\/vender-sin-compra-producto\/\" aria-label=\"Vender sin compra Producto\"><img loading=\"lazy\" decoding=\"async\" width=\"1920\" height=\"1080\" src=\"https:\/\/universidadelavi.com\/elavi\/wp-content\/uploads\/2022\/01\/Pagina-Web-Profesionales-4.png\" class=\"attachment-us_600_600_crop size-us_600_600_crop wp-post-image\" alt=\"\" srcset=\"https:\/\/universidadelavi.com\/elavi\/wp-content\/uploads\/2022\/01\/Pagina-Web-Profesionales-4.png 1920w, https:\/\/universidadelavi.com\/elavi\/wp-content\/uploads\/2022\/01\/Pagina-Web-Profesionales-4-300x169.png 300w, https:\/\/universidadelavi.com\/elavi\/wp-content\/uploads\/2022\/01\/Pagina-Web-Profesionales-4-1024x576.png 1024w, https:\/\/universidadelavi.com\/elavi\/wp-content\/uploads\/2022\/01\/Pagina-Web-Profesionales-4-1536x864.png 1536w\" sizes=\"auto, (max-width: 1920px) 100vw, 1920px\" \/><\/a><\/div><h2 class=\"w-post-elm post_title usg_post_title_1 entry-title color_link_inherit\"><a href=\"https:\/\/universidadelavi.com\/elavi\/courses\/vender-sin-compra-producto\/\">Vender sin compra Producto<\/a><\/h2>\t\t<\/div>\r\n\t<\/article>\r\n<\/div><div class=\"w-grid-preloader\"><div class=\"g-preloader type_1\">\r\n\t<div><\/div>\r\n<\/div>\r\n<\/div>\t<div class=\"w-grid-json hidden\" onclick='return {&quot;action&quot;:&quot;us_ajax_grid&quot;,&quot;ajax_url&quot;:&quot;https:\\\/\\\/universidadelavi.com\\\/elavi\\\/wp-admin\\\/admin-ajax.php&quot;,&quot;infinite_scroll&quot;:0,&quot;max_num_pages&quot;:1,&quot;pagination&quot;:&quot;none&quot;,&quot;permalink_url&quot;:&quot;https:\\\/\\\/universidadelavi.com\\\/elavi\\\/wp-json\\\/wp\\\/v2\\\/pages\\\/8152&quot;,&quot;template_vars&quot;:{&quot;columns&quot;:&quot;3&quot;,&quot;exclude_items&quot;:&quot;none&quot;,&quot;img_size&quot;:&quot;default&quot;,&quot;ignore_items_size&quot;:false,&quot;items_layout&quot;:&quot;blog_1&quot;,&quot;items_offset&quot;:&quot;1&quot;,&quot;load_animation&quot;:&quot;none&quot;,&quot;overriding_link&quot;:&quot;none&quot;,&quot;post_id&quot;:8152,&quot;query_args&quot;:{&quot;post_type&quot;:[&quot;sfwd-courses&quot;],&quot;tax_query&quot;:[{&quot;taxonomy&quot;:&quot;ld_course_category&quot;,&quot;field&quot;:&quot;slug&quot;,&quot;terms&quot;:[&quot;gratis&quot;]}],&quot;post_status&quot;:[&quot;publish&quot;,&quot;closed&quot;,&quot;acf-disabled&quot;,&quot;graded&quot;,&quot;not_graded&quot;],&quot;posts_per_page&quot;:&quot;10&quot;},&quot;orderby_query_args&quot;:{&quot;orderby&quot;:{&quot;date&quot;:&quot;ASC&quot;}},&quot;type&quot;:&quot;grid&quot;,&quot;us_grid_ajax_index&quot;:1,&quot;us_grid_filter_params&quot;:null,&quot;us_grid_index&quot;:1,&quot;_us_grid_post_type&quot;:&quot;sfwd-courses&quot;}}'><\/div>\r\n\t<\/div><\/div><\/div><\/div><\/div><\/section>\n","protected":false},"excerpt":{"rendered":"[vc_custom_heading source=\"post_title\" font_container=\"tag:h1|text_align:left\" use_theme_fonts=\"yes\" css=\"%7B%22default%22%3A%7B%22font-size%22%3A%2225px%22%2C%22padding-left%22%3A%225%25%22%2C%22padding-right%22%3A%225%25%22%7D%7D\"]Iniciar sesi\u00f3n ACTUALMENTE NO TIENES ACCESO A ESTE CURSO Contenido del Curso Introducci\u00f3n Metodologia (En Vivo) Creando Plantilla de Venta Creaci\u00f3n de Formulario Conclusi\u00f3n","protected":false},"author":1,"featured_media":0,"parent":0,"menu_order":0,"comment_status":"closed","ping_status":"closed","template":"","meta":{"_bbp_topic_count":0,"_bbp_reply_count":0,"_bbp_total_topic_count":0,"_bbp_total_reply_count":0,"_bbp_voice_count":0,"_bbp_anonymous_reply_count":0,"_bbp_topic_count_hidden":0,"_bbp_reply_count_hidden":0,"_bbp_forum_subforum_count":0,"footnotes":""},"class_list":["post-8152","page","type-page","status-publish","hentry"],"_links":{"self":[{"href":"https:\/\/universidadelavi.com\/elavi\/wp-json\/wp\/v2\/pages\/8152","targetHints":{"allow":["GET"]}}],"collection":[{"href":"https:\/\/universidadelavi.com\/elavi\/wp-json\/wp\/v2\/pages"}],"about":[{"href":"https:\/\/universidadelavi.com\/elavi\/wp-json\/wp\/v2\/types\/page"}],"author":[{"embeddable":true,"href":"https:\/\/universidadelavi.com\/elavi\/wp-json\/wp\/v2\/users\/1"}],"replies":[{"embeddable":true,"href":"https:\/\/universidadelavi.com\/elavi\/wp-json\/wp\/v2\/comments?post=8152"}],"version-history":[{"count":20,"href":"https:\/\/universidadelavi.com\/elavi\/wp-json\/wp\/v2\/pages\/8152\/revisions"}],"predecessor-version":[{"id":8762,"href":"https:\/\/universidadelavi.com\/elavi\/wp-json\/wp\/v2\/pages\/8152\/revisions\/8762"}],"wp:attachment":[{"href":"https:\/\/universidadelavi.com\/elavi\/wp-json\/wp\/v2\/media?parent=8152"}],"curies":[{"name":"wp","href":"https:\/\/api.w.org\/{rel}","templated":true}]}}