{"id":8119,"date":"2021-12-09T20:09:04","date_gmt":"2021-12-09T20:09:04","guid":{"rendered":"https:\/\/universidadelavi.com\/elavi\/?page_id=8119"},"modified":"2021-12-09T22:32:18","modified_gmt":"2021-12-09T22:32:18","slug":"registro","status":"publish","type":"page","link":"https:\/\/universidadelavi.com\/elavi\/registro\/","title":{"rendered":"Registro"},"content":{"rendered":"<section class=\"l-section wpb_row us_custom_6ebf6c43 height_custom\"><div class=\"l-section-h i-cf\"><div class=\"g-cols via_grid cols_1 laptops-cols_inherit tablets-cols_inherit mobiles-cols_1 valign_top type_default\"><div class=\"wpb_column vc_column_container\"><div class=\"vc_column-inner\">[vc_custom_heading text=&#8221;Formulario de Registro&#8221; use_theme_fonts=&#8221;yes&#8221;]<div class=\"w-separator size_medium\"><\/div><script type=\"text\/javascript\">var gform;gform||(document.addEventListener(\"gform_main_scripts_loaded\",function(){gform.scriptsLoaded=!0}),window.addEventListener(\"DOMContentLoaded\",function(){gform.domLoaded=!0}),gform={domLoaded:!1,scriptsLoaded:!1,initializeOnLoaded:function(o){gform.domLoaded&&gform.scriptsLoaded?o():!gform.domLoaded&&gform.scriptsLoaded?window.addEventListener(\"DOMContentLoaded\",o):document.addEventListener(\"gform_main_scripts_loaded\",o)},hooks:{action:{},filter:{}},addAction:function(o,n,r,t){gform.addHook(\"action\",o,n,r,t)},addFilter:function(o,n,r,t){gform.addHook(\"filter\",o,n,r,t)},doAction:function(o){gform.doHook(\"action\",o,arguments)},applyFilters:function(o){return gform.doHook(\"filter\",o,arguments)},removeAction:function(o,n){gform.removeHook(\"action\",o,n)},removeFilter:function(o,n,r){gform.removeHook(\"filter\",o,n,r)},addHook:function(o,n,r,t,i){null==gform.hooks[o][n]&&(gform.hooks[o][n]=[]);var e=gform.hooks[o][n];null==i&&(i=n+\"_\"+e.length),gform.hooks[o][n].push({tag:i,callable:r,priority:t=null==t?10:t})},doHook:function(n,o,r){var t;if(r=Array.prototype.slice.call(r,1),null!=gform.hooks[n][o]&&((o=gform.hooks[n][o]).sort(function(o,n){return o.priority-n.priority}),o.forEach(function(o){\"function\"!=typeof(t=o.callable)&&(t=window[t]),\"action\"==n?t.apply(null,r):r[0]=t.apply(null,r)})),\"filter\"==n)return r[0]},removeHook:function(o,n,t,i){var r;null!=gform.hooks[o][n]&&(r=(r=gform.hooks[o][n]).filter(function(o,n,r){return!!(null!=i&&i!=o.tag||null!=t&&t!=o.priority)}),gform.hooks[o][n]=r)}});<\/script>\n                <div class='gf_browser_gecko gform_wrapper gravity-theme' id='gform_wrapper_1' ><form method='post' enctype='multipart\/form-data'  id='gform_1'  action='\/elavi\/wp-json\/wp\/v2\/pages\/8119' novalidate>\n                        <div class='gform_body gform-body'><div id='gform_fields_1' class='gform_fields top_label form_sublabel_below description_below'><div id=\"field_1_1\" class=\"gfield field_sublabel_below field_description_below gfield_visibility_visible\" ><label class='gfield_label' for='input_1_1' >Nombre de usuario<\/label><div class='ginput_container ginput_container_text'><input name='input_1' id='input_1_1' type='text' value='' class='large'  aria-describedby=\"input_1_1_desc\"    aria-invalid=\"false\"   \/> <\/div><\/div><fieldset id=\"field_1_2\" class=\"gfield gfield--width-full field_sublabel_below field_description_below gfield_visibility_visible\" ><legend class='gfield_label gfield_label_before_complex'  >Contrase\u00f1a<\/legend><div class='ginput_complex ginput_container ginput_container_password' id='input_1_2_container'>\n\t\t\t\t\t\t<span id='input_1_2_1_container' class='ginput_left'>\n\t\t\t\t\t\t\t<span class='password_input_container'>\n\t\t\t\t\t\t\t<input type='password' name='input_2' id='input_1_2'   value=''    aria-invalid=\"false\"  \/>\n\t\t\t\t\t\t\t\n\t\t\t\t\t\t\t<\/span>\n\t\t\t\t\t\t\t<label for='input_1_2' >Introduce la constrase\u00f1a<\/label>\n\t\t\t\t\t\t<\/span>\n\t\t\t\t\t\t<span id='input_1_2_2_container' class='ginput_right'>\n\t\t\t\t\t\t\t<span class='password_input_container'>\n\t\t\t\t\t\t\t<input type='password' name='input_2_2' id='input_1_2_2'   value=''    aria-invalid=\"false\" \/>\n\t\t\t\t\t\t\t\n\t\t\t\t\t\t\t<\/span>\n\t\t\t\t\t\t\t<label for='input_1_2_2' >Confirmar contrase\u00f1a<\/label>\n\t\t\t\t\t\t<\/span>\n\t\t\t\t\t\t<div class='gf_clear gf_clear_complex'><\/div>\n\t\t\t\t\t<\/div><\/fieldset><fieldset id=\"field_1_3\" class=\"gfield gfield--width-full field_sublabel_below field_description_below gfield_visibility_visible\" ><legend class='gfield_label gfield_label_before_complex'  >Nombre<\/legend><div class='ginput_complex ginput_container no_prefix has_first_name no_middle_name has_last_name no_suffix gf_name_has_2 ginput_container_name' id='input_1_3'>\n                            \n                            <span id='input_1_3_3_container' class='name_first' >\n                                                    <input type='text' name='input_3.3' id='input_1_3_3' value=''   aria-required='false'     \/>\n                                                    <label for='input_1_3_3' >Nombre<\/label>\n                                                <\/span>\n                            \n                            <span id='input_1_3_6_container' class='name_last' >\n                                                    <input type='text' name='input_3.6' id='input_1_3_6' value=''   aria-required='false'     \/>\n                                                    <label for='input_1_3_6' >Apellidos<\/label>\n                                                <\/span>\n                            \n                        <\/div><\/fieldset><div id=\"field_1_4\" class=\"gfield gfield--width-full field_sublabel_below field_description_below gfield_visibility_visible\" ><label class='gfield_label' for='input_1_4' >Email<\/label><div class='ginput_container ginput_container_email'>\n                            <input name='input_4' id='input_1_4' type='email' value='' class='large'     aria-invalid=\"false\"  \/>\n                        <\/div><\/div><fieldset id=\"field_1_5\" class=\"gfield gfield_contains_required field_sublabel_below field_description_below gfield_visibility_visible\" ><legend class='gfield_label gfield_label_before_complex'  >\u00bfC\u00f3mo nos conociste?<span class=\"gfield_required\"><span class=\"gfield_required gfield_required_text\">(Obligatorio)<\/span><\/span><\/legend><div class='ginput_container ginput_container_checkbox'><div class='gfield_checkbox' id='input_1_5'><div class='gchoice gchoice_1_5_1'>\n\t\t\t\t\t\t\t\t<input class='gfield-choice-input' name='input_5.1' type='checkbox'  value='Google'  id='choice_1_5_1'   \/>\n\t\t\t\t\t\t\t\t<label for='choice_1_5_1' id='label_1_5_1'>Google<\/label>\n\t\t\t\t\t\t\t<\/div><div class='gchoice gchoice_1_5_2'>\n\t\t\t\t\t\t\t\t<input class='gfield-choice-input' name='input_5.2' type='checkbox'  value='Youtube'  id='choice_1_5_2'   \/>\n\t\t\t\t\t\t\t\t<label for='choice_1_5_2' id='label_1_5_2'>Youtube<\/label>\n\t\t\t\t\t\t\t<\/div><div class='gchoice gchoice_1_5_3'>\n\t\t\t\t\t\t\t\t<input class='gfield-choice-input' name='input_5.3' type='checkbox'  value='Facebook'  id='choice_1_5_3'   \/>\n\t\t\t\t\t\t\t\t<label for='choice_1_5_3' id='label_1_5_3'>Facebook<\/label>\n\t\t\t\t\t\t\t<\/div><div class='gchoice gchoice_1_5_4'>\n\t\t\t\t\t\t\t\t<input class='gfield-choice-input' name='input_5.4' type='checkbox'  value='Instagram'  id='choice_1_5_4'   \/>\n\t\t\t\t\t\t\t\t<label for='choice_1_5_4' id='label_1_5_4'>Instagram<\/label>\n\t\t\t\t\t\t\t<\/div><\/div><\/div><\/fieldset><\/div><\/div>\n        <div class='gform_footer top_label'> <input type='submit' id='gform_submit_button_1' class='gform_button button' value='Enviar'  onclick='if(window[\"gf_submitting_1\"]){return false;}  if( !jQuery(\"#gform_1\")[0].checkValidity || jQuery(\"#gform_1\")[0].checkValidity()){window[\"gf_submitting_1\"]=true;}  ' onkeypress='if( event.keyCode == 13 ){ if(window[\"gf_submitting_1\"]){return false;} if( !jQuery(\"#gform_1\")[0].checkValidity || jQuery(\"#gform_1\")[0].checkValidity()){window[\"gf_submitting_1\"]=true;}  jQuery(\"#gform_1\").trigger(\"submit\",[true]); }' \/> \n            <input type='hidden' class='gform_hidden' name='is_submit_1' value='1' \/>\n            <input type='hidden' class='gform_hidden' name='gform_submit' value='1' \/>\n            \n            <input type='hidden' class='gform_hidden' name='gform_unique_id' value='' \/>\n            <input type='hidden' class='gform_hidden' name='state_1' value='WyJbXSIsImFlNzU4ZWE4MGY5OTcyMGE2N2Q3YjU2MjlhMTFkYmQzIl0=' \/>\n            <input type='hidden' class='gform_hidden' name='gform_target_page_number_1' id='gform_target_page_number_1' value='0' \/>\n            <input type='hidden' class='gform_hidden' name='gform_source_page_number_1' id='gform_source_page_number_1' value='1' \/>\n            <input type='hidden' name='gform_field_values' value='' \/>\n            \n        <\/div>\n                        <\/form>\n                        <\/div><\/div><\/div><\/div><\/div><\/section>\n","protected":false},"excerpt":{"rendered":"[vc_custom_heading text=\"Formulario de Registro\" use_theme_fonts=\"yes\"] Nombre de usuario Contrase\u00f1a Introduce la constrase\u00f1a Confirmar contrase\u00f1a Nombre Nombre Apellidos Email \u00bfC\u00f3mo nos conociste?(Obligatorio) Google Youtube Facebook Instagram","protected":false},"author":1,"featured_media":0,"parent":0,"menu_order":0,"comment_status":"closed","ping_status":"closed","template":"","meta":{"_bbp_topic_count":0,"_bbp_reply_count":0,"_bbp_total_topic_count":0,"_bbp_total_reply_count":0,"_bbp_voice_count":0,"_bbp_anonymous_reply_count":0,"_bbp_topic_count_hidden":0,"_bbp_reply_count_hidden":0,"_bbp_forum_subforum_count":0,"footnotes":""},"class_list":["post-8119","page","type-page","status-publish","hentry"],"_links":{"self":[{"href":"https:\/\/universidadelavi.com\/elavi\/wp-json\/wp\/v2\/pages\/8119","targetHints":{"allow":["GET"]}}],"collection":[{"href":"https:\/\/universidadelavi.com\/elavi\/wp-json\/wp\/v2\/pages"}],"about":[{"href":"https:\/\/universidadelavi.com\/elavi\/wp-json\/wp\/v2\/types\/page"}],"author":[{"embeddable":true,"href":"https:\/\/universidadelavi.com\/elavi\/wp-json\/wp\/v2\/users\/1"}],"replies":[{"embeddable":true,"href":"https:\/\/universidadelavi.com\/elavi\/wp-json\/wp\/v2\/comments?post=8119"}],"version-history":[{"count":5,"href":"https:\/\/universidadelavi.com\/elavi\/wp-json\/wp\/v2\/pages\/8119\/revisions"}],"predecessor-version":[{"id":8127,"href":"https:\/\/universidadelavi.com\/elavi\/wp-json\/wp\/v2\/pages\/8119\/revisions\/8127"}],"wp:attachment":[{"href":"https:\/\/universidadelavi.com\/elavi\/wp-json\/wp\/v2\/media?parent=8119"}],"curies":[{"name":"wp","href":"https:\/\/api.w.org\/{rel}","templated":true}]}}